{"id":337,"date":"2025-01-22T09:22:23","date_gmt":"2025-01-22T09:22:23","guid":{"rendered":"https:\/\/heavensdoorsainttropez.com\/?page_id=337"},"modified":"2025-01-22T09:52:57","modified_gmt":"2025-01-22T09:52:57","slug":"la-slow-fashion-tropezienne","status":"publish","type":"page","link":"https:\/\/heavensdoorsainttropez.com\/","title":{"rendered":"La Slow Fashion Trop\u00e9zienne :"},"content":{"rendered":"\n<p>Nich\u00e9 sur le nouveau port de Saint-Tropez notre magasin est ouvert depuis 2016. <br>Magasin familial, vous retrouverez l&rsquo;essence de notre inspiration en boutique : des habits confortables pour les chaleurs estivales, ind\u00e9modables, en accord avec la nature, pour toutes les morphologies et dans un style que nous adorons : les ann\u00e9es 70. <\/p>\n\n\n\n<h2 class=\"wp-block-heading\">Pourquoi Heaven&rsquo;s Door ? <\/h2>\n\n\n\n<p>Nous recherchions le nom de notre magasin, un nom international, vibrant et surtout d\u00e9crivant notre amour pour nos inspirations seventies et la musique. <br>Cet alors que cette chanson passa pendant notre discussion : <\/p>\n\n\n\n<div id=\"wp-block-themeisle-blocks-advanced-columns-88357565\" class=\"wp-block-themeisle-blocks-advanced-columns alignfull has-2-columns has-desktop-equal-layout has-tablet-equal-layout has-mobile-collapsedRows-layout has-vertical-center ticss-c00aadba\"><div class=\"wp-block-themeisle-blocks-advanced-columns-overlay\"><\/div><div class=\"innerblocks-wrap\">\n<div id=\"wp-block-themeisle-blocks-advanced-column-65377dfd\" class=\"wp-block-themeisle-blocks-advanced-column\">\n<figure class=\"wp-block-image aligncenter size-full is-resized is-style-default\"><img loading=\"lazy\" decoding=\"async\" width=\"554\" height=\"554\" src=\"https:\/\/heavensdoorsainttropez.com\/wp-content\/uploads\/2025\/01\/Capture-decran-2025-01-22-a-10.38.45.png\" alt=\"\" class=\"wp-image-340\" style=\"width:232px;height:auto\" srcset=\"https:\/\/heavensdoorsainttropez.com\/wp-content\/uploads\/2025\/01\/Capture-decran-2025-01-22-a-10.38.45.png 554w, https:\/\/heavensdoorsainttropez.com\/wp-content\/uploads\/2025\/01\/Capture-decran-2025-01-22-a-10.38.45-300x300.png 300w, https:\/\/heavensdoorsainttropez.com\/wp-content\/uploads\/2025\/01\/Capture-decran-2025-01-22-a-10.38.45-150x150.png 150w, https:\/\/heavensdoorsainttropez.com\/wp-content\/uploads\/2025\/01\/Capture-decran-2025-01-22-a-10.38.45-100x100.png 100w, https:\/\/heavensdoorsainttropez.com\/wp-content\/uploads\/2025\/01\/Capture-decran-2025-01-22-a-10.38.45-350x350.png 350w\" sizes=\"auto, (max-width: 554px) 100vw, 554px\" \/><\/figure>\n<\/div>\n\n\n\n<div id=\"wp-block-themeisle-blocks-advanced-column-ccb43057\" class=\"wp-block-themeisle-blocks-advanced-column\">\n<p id=\"wp-block-themeisle-blocks-advanced-heading-fa0dd853\" class=\"wp-block-themeisle-blocks-advanced-heading wp-block-themeisle-blocks-advanced-heading-fa0dd853\">\u00ab\u00a0&#8230;Feels like I&rsquo;m knockin&rsquo; on Heaven&rsquo;s door&#8230;\u00a0\u00bb<\/p>\n\n\n\n<p id=\"wp-block-themeisle-blocks-advanced-heading-37339a78\" class=\"wp-block-themeisle-blocks-advanced-heading wp-block-themeisle-blocks-advanced-heading-37339a78\">Bob dylan<\/p>\n<\/div>\n<\/div><\/div>\n\n\n\n<p>Une r\u00e9v\u00e9lation : \u00ab\u00a0Maman, et pourquoi pas Heaven&rsquo;s Door ? Notre magasin deviendra la bulle de paradis de toutes les femmes et les hommes qui passeront \u00e0 Saint-Tropez \u00a0\u00bb <\/p>\n\n\n\n<p>C&rsquo;est ainsi que notre belle aventure est n\u00e9e, avec tous les d\u00e9fis qui nous attendaient, tout en gardant une ligne directrice importante : Notre client doit vivre une exp\u00e9rience en boutique, conseiller honn\u00eatement le v\u00eatement adapt\u00e9 \u00e0 la morphologie, et ressortir avec le sourire. <\/p>\n\n\n\n<h2 class=\"wp-block-heading\">Des marques \u00e0 notre image : <\/h2>\n\n\n\n<p>Trouver des marques correspondant \u00e0 notre image et notre vision de la mode ne fut pas de tout repos. <br>Mais c&rsquo;est en rencontrant des familles passionn\u00e9es comme nous, que nous avons trouv\u00e9 nos perles rares et avec qui nous collaborons sur des collections exclusives \u00e0 notre magasin de Saint-Tropez. <br>Hot Lava notre marque principale est notre grand coup de c\u0153ur : dirig\u00e9e par une famille comme nous, dans un concept slow fashion et surtout avec des couleurs vibrantes et ind\u00e9modables. <\/p>\n\n\n\n<h2 class=\"wp-block-heading\">Retrouvez-nous : <\/h2>\n\n\n\n<p>Venez vivre l&rsquo;exp\u00e9rience Heaven&rsquo;s Door : <br>21 quai de l&rsquo;\u00e9pi <br>83990 <br>Saint-Tropez <\/p>\n","protected":false},"excerpt":{"rendered":"<p>Nich\u00e9 sur le nouveau port de Saint-Tropez notre magasin est ouvert depuis 2016. Magasin familial, vous retrouverez l&rsquo;essence de notre inspiration en boutique : des habits confortables pour les chaleurs estivales, ind\u00e9modables, en accord avec la nature, pour toutes les morphologies et dans un style que nous adorons : les ann\u00e9es 70. Pourquoi Heaven&rsquo;s Door [&hellip;]<\/p>\n","protected":false},"author":1,"featured_media":0,"parent":0,"menu_order":0,"comment_status":"closed","ping_status":"closed","template":"","meta":{"_themeisle_gutenberg_block_has_review":false,"footnotes":""},"class_list":["post-337","page","type-page","status-publish","hentry"],"yoast_head":"<!-- This site is optimized with the Yoast SEO plugin v25.4 - https:\/\/yoast.com\/wordpress\/plugins\/seo\/ -->\n<title>La Slow Fashion Trop\u00e9zienne : - Heaven&#039;s Door Saint-Tropez<\/title>\n<meta name=\"robots\" content=\"index, follow, max-snippet:-1, max-image-preview:large, max-video-preview:-1\" \/>\n<link rel=\"canonical\" href=\"https:\/\/heavensdoorsainttropez.com\/\" \/>\n<meta property=\"og:locale\" content=\"fr_FR\" \/>\n<meta property=\"og:type\" content=\"article\" \/>\n<meta property=\"og:title\" content=\"La Slow Fashion Trop\u00e9zienne : - Heaven&#039;s Door Saint-Tropez\" \/>\n<meta property=\"og:description\" content=\"Nich\u00e9 sur le nouveau port de Saint-Tropez notre magasin est ouvert depuis 2016. Magasin familial, vous retrouverez l&rsquo;essence de notre inspiration en boutique : des habits confortables pour les chaleurs estivales, ind\u00e9modables, en accord avec la nature, pour toutes les morphologies et dans un style que nous adorons : les ann\u00e9es 70. Pourquoi Heaven&rsquo;s Door [&hellip;]\" \/>\n<meta property=\"og:url\" content=\"https:\/\/heavensdoorsainttropez.com\/\" \/>\n<meta property=\"og:site_name\" content=\"Heaven&#039;s Door Saint-Tropez\" \/>\n<meta property=\"article:modified_time\" content=\"2025-01-22T09:52:57+00:00\" \/>\n<meta property=\"og:image\" content=\"https:\/\/heavensdoorsainttropez.com\/wp-content\/uploads\/2025\/01\/Capture-decran-2025-01-22-a-10.38.45.png\" \/>\n\t<meta property=\"og:image:width\" content=\"554\" \/>\n\t<meta property=\"og:image:height\" content=\"554\" \/>\n\t<meta property=\"og:image:type\" content=\"image\/png\" \/>\n<meta name=\"twitter:card\" content=\"summary_large_image\" \/>\n<meta name=\"twitter:label1\" content=\"Dur\u00e9e de lecture estim\u00e9e\" \/>\n\t<meta name=\"twitter:data1\" content=\"2 minutes\" \/>\n<script type=\"application\/ld+json\" class=\"yoast-schema-graph\">{\"@context\":\"https:\/\/schema.org\",\"@graph\":[{\"@type\":\"WebPage\",\"@id\":\"https:\/\/heavensdoorsainttropez.com\/\",\"url\":\"https:\/\/heavensdoorsainttropez.com\/\",\"name\":\"La Slow Fashion Trop\u00e9zienne : - Heaven&#039;s Door Saint-Tropez\",\"isPartOf\":{\"@id\":\"https:\/\/heavensdoorsainttropez.com\/#website\"},\"primaryImageOfPage\":{\"@id\":\"https:\/\/heavensdoorsainttropez.com\/#primaryimage\"},\"image\":{\"@id\":\"https:\/\/heavensdoorsainttropez.com\/#primaryimage\"},\"thumbnailUrl\":\"https:\/\/heavensdoorsainttropez.com\/wp-content\/uploads\/2025\/01\/Capture-decran-2025-01-22-a-10.38.45.png\",\"datePublished\":\"2025-01-22T09:22:23+00:00\",\"dateModified\":\"2025-01-22T09:52:57+00:00\",\"breadcrumb\":{\"@id\":\"https:\/\/heavensdoorsainttropez.com\/#breadcrumb\"},\"inLanguage\":\"fr-FR\",\"potentialAction\":[{\"@type\":\"ReadAction\",\"target\":[\"https:\/\/heavensdoorsainttropez.com\/\"]}]},{\"@type\":\"ImageObject\",\"inLanguage\":\"fr-FR\",\"@id\":\"https:\/\/heavensdoorsainttropez.com\/#primaryimage\",\"url\":\"https:\/\/heavensdoorsainttropez.com\/wp-content\/uploads\/2025\/01\/Capture-decran-2025-01-22-a-10.38.45.png\",\"contentUrl\":\"https:\/\/heavensdoorsainttropez.com\/wp-content\/uploads\/2025\/01\/Capture-decran-2025-01-22-a-10.38.45.png\",\"width\":554,\"height\":554},{\"@type\":\"BreadcrumbList\",\"@id\":\"https:\/\/heavensdoorsainttropez.com\/#breadcrumb\",\"itemListElement\":[{\"@type\":\"ListItem\",\"position\":1,\"name\":\"Accueil\",\"item\":\"https:\/\/heavensdoorsainttropez.com\/\"},{\"@type\":\"ListItem\",\"position\":2,\"name\":\"La Slow Fashion Trop\u00e9zienne :\"}]},{\"@type\":\"WebSite\",\"@id\":\"https:\/\/heavensdoorsainttropez.com\/#website\",\"url\":\"https:\/\/heavensdoorsainttropez.com\/\",\"name\":\"Heaven&#039;s Door Saint-Tropez\",\"description\":\"La Slow Fashion Trop\u00e9zienne\",\"publisher\":{\"@id\":\"https:\/\/heavensdoorsainttropez.com\/#organization\"},\"potentialAction\":[{\"@type\":\"SearchAction\",\"target\":{\"@type\":\"EntryPoint\",\"urlTemplate\":\"https:\/\/heavensdoorsainttropez.com\/?s={search_term_string}\"},\"query-input\":{\"@type\":\"PropertyValueSpecification\",\"valueRequired\":true,\"valueName\":\"search_term_string\"}}],\"inLanguage\":\"fr-FR\"},{\"@type\":\"Organization\",\"@id\":\"https:\/\/heavensdoorsainttropez.com\/#organization\",\"name\":\"Heaven&#039;s Door Saint-Tropez\",\"url\":\"https:\/\/heavensdoorsainttropez.com\/\",\"logo\":{\"@type\":\"ImageObject\",\"inLanguage\":\"fr-FR\",\"@id\":\"https:\/\/heavensdoorsainttropez.com\/#\/schema\/logo\/image\/\",\"url\":\"https:\/\/heavensdoorsainttropez.com\/wp-content\/uploads\/2024\/01\/313415909_501201958694731_130350122051556645_n.jpg\",\"contentUrl\":\"https:\/\/heavensdoorsainttropez.com\/wp-content\/uploads\/2024\/01\/313415909_501201958694731_130350122051556645_n.jpg\",\"width\":960,\"height\":959,\"caption\":\"Heaven&#039;s Door Saint-Tropez\"},\"image\":{\"@id\":\"https:\/\/heavensdoorsainttropez.com\/#\/schema\/logo\/image\/\"}}]}<\/script>\n<!-- \/ Yoast SEO plugin. -->","yoast_head_json":{"title":"La Slow Fashion Trop\u00e9zienne : - Heaven&#039;s Door Saint-Tropez","robots":{"index":"index","follow":"follow","max-snippet":"max-snippet:-1","max-image-preview":"max-image-preview:large","max-video-preview":"max-video-preview:-1"},"canonical":"https:\/\/heavensdoorsainttropez.com\/","og_locale":"fr_FR","og_type":"article","og_title":"La Slow Fashion Trop\u00e9zienne : - Heaven&#039;s Door Saint-Tropez","og_description":"Nich\u00e9 sur le nouveau port de Saint-Tropez notre magasin est ouvert depuis 2016. Magasin familial, vous retrouverez l&rsquo;essence de notre inspiration en boutique : des habits confortables pour les chaleurs estivales, ind\u00e9modables, en accord avec la nature, pour toutes les morphologies et dans un style que nous adorons : les ann\u00e9es 70. Pourquoi Heaven&rsquo;s Door [&hellip;]","og_url":"https:\/\/heavensdoorsainttropez.com\/","og_site_name":"Heaven&#039;s Door Saint-Tropez","article_modified_time":"2025-01-22T09:52:57+00:00","og_image":[{"width":554,"height":554,"url":"https:\/\/heavensdoorsainttropez.com\/wp-content\/uploads\/2025\/01\/Capture-decran-2025-01-22-a-10.38.45.png","type":"image\/png"}],"twitter_card":"summary_large_image","twitter_misc":{"Dur\u00e9e de lecture estim\u00e9e":"2 minutes"},"schema":{"@context":"https:\/\/schema.org","@graph":[{"@type":"WebPage","@id":"https:\/\/heavensdoorsainttropez.com\/","url":"https:\/\/heavensdoorsainttropez.com\/","name":"La Slow Fashion Trop\u00e9zienne : - Heaven&#039;s Door Saint-Tropez","isPartOf":{"@id":"https:\/\/heavensdoorsainttropez.com\/#website"},"primaryImageOfPage":{"@id":"https:\/\/heavensdoorsainttropez.com\/#primaryimage"},"image":{"@id":"https:\/\/heavensdoorsainttropez.com\/#primaryimage"},"thumbnailUrl":"https:\/\/heavensdoorsainttropez.com\/wp-content\/uploads\/2025\/01\/Capture-decran-2025-01-22-a-10.38.45.png","datePublished":"2025-01-22T09:22:23+00:00","dateModified":"2025-01-22T09:52:57+00:00","breadcrumb":{"@id":"https:\/\/heavensdoorsainttropez.com\/#breadcrumb"},"inLanguage":"fr-FR","potentialAction":[{"@type":"ReadAction","target":["https:\/\/heavensdoorsainttropez.com\/"]}]},{"@type":"ImageObject","inLanguage":"fr-FR","@id":"https:\/\/heavensdoorsainttropez.com\/#primaryimage","url":"https:\/\/heavensdoorsainttropez.com\/wp-content\/uploads\/2025\/01\/Capture-decran-2025-01-22-a-10.38.45.png","contentUrl":"https:\/\/heavensdoorsainttropez.com\/wp-content\/uploads\/2025\/01\/Capture-decran-2025-01-22-a-10.38.45.png","width":554,"height":554},{"@type":"BreadcrumbList","@id":"https:\/\/heavensdoorsainttropez.com\/#breadcrumb","itemListElement":[{"@type":"ListItem","position":1,"name":"Accueil","item":"https:\/\/heavensdoorsainttropez.com\/"},{"@type":"ListItem","position":2,"name":"La Slow Fashion Trop\u00e9zienne :"}]},{"@type":"WebSite","@id":"https:\/\/heavensdoorsainttropez.com\/#website","url":"https:\/\/heavensdoorsainttropez.com\/","name":"Heaven&#039;s Door Saint-Tropez","description":"La Slow Fashion Trop\u00e9zienne","publisher":{"@id":"https:\/\/heavensdoorsainttropez.com\/#organization"},"potentialAction":[{"@type":"SearchAction","target":{"@type":"EntryPoint","urlTemplate":"https:\/\/heavensdoorsainttropez.com\/?s={search_term_string}"},"query-input":{"@type":"PropertyValueSpecification","valueRequired":true,"valueName":"search_term_string"}}],"inLanguage":"fr-FR"},{"@type":"Organization","@id":"https:\/\/heavensdoorsainttropez.com\/#organization","name":"Heaven&#039;s Door Saint-Tropez","url":"https:\/\/heavensdoorsainttropez.com\/","logo":{"@type":"ImageObject","inLanguage":"fr-FR","@id":"https:\/\/heavensdoorsainttropez.com\/#\/schema\/logo\/image\/","url":"https:\/\/heavensdoorsainttropez.com\/wp-content\/uploads\/2024\/01\/313415909_501201958694731_130350122051556645_n.jpg","contentUrl":"https:\/\/heavensdoorsainttropez.com\/wp-content\/uploads\/2024\/01\/313415909_501201958694731_130350122051556645_n.jpg","width":960,"height":959,"caption":"Heaven&#039;s Door Saint-Tropez"},"image":{"@id":"https:\/\/heavensdoorsainttropez.com\/#\/schema\/logo\/image\/"}}]}},"_links":{"self":[{"href":"https:\/\/heavensdoorsainttropez.com\/index.php?rest_route=\/wp\/v2\/pages\/337","targetHints":{"allow":["GET"]}}],"collection":[{"href":"https:\/\/heavensdoorsainttropez.com\/index.php?rest_route=\/wp\/v2\/pages"}],"about":[{"href":"https:\/\/heavensdoorsainttropez.com\/index.php?rest_route=\/wp\/v2\/types\/page"}],"author":[{"embeddable":true,"href":"https:\/\/heavensdoorsainttropez.com\/index.php?rest_route=\/wp\/v2\/users\/1"}],"replies":[{"embeddable":true,"href":"https:\/\/heavensdoorsainttropez.com\/index.php?rest_route=%2Fwp%2Fv2%2Fcomments&post=337"}],"version-history":[{"count":2,"href":"https:\/\/heavensdoorsainttropez.com\/index.php?rest_route=\/wp\/v2\/pages\/337\/revisions"}],"predecessor-version":[{"id":341,"href":"https:\/\/heavensdoorsainttropez.com\/index.php?rest_route=\/wp\/v2\/pages\/337\/revisions\/341"}],"wp:attachment":[{"href":"https:\/\/heavensdoorsainttropez.com\/index.php?rest_route=%2Fwp%2Fv2%2Fmedia&parent=337"}],"curies":[{"name":"wp","href":"https:\/\/api.w.org\/{rel}","templated":true}]}}